{"id":767,"date":"2014-03-04T10:53:52","date_gmt":"2014-03-04T10:53:52","guid":{"rendered":"http:\/\/localhost\/wordpress\/?page_id=767"},"modified":"2014-08-14T19:59:05","modified_gmt":"2014-08-14T16:59:05","slug":"flexslider","status":"publish","type":"page","link":"https:\/\/filmsandigital.com\/?page_id=767","title":{"rendered":"One to One Marketing (Bire bir Pazarlama)"},"content":{"rendered":"<p style=\"text-align: center;\"><div class=\"row\"><br \/>\n<div class=\"title-section \">\n\t\t\t\t\t<div class=\"container animation bounceIn \" >\n\t\t\t\t\t\t<h1>One to One Marketing (Bire bir pazarlama)<\/h1>\n\t\t\t\t\t\t<p><br \/>\nGu\u0308nu\u0308mu\u0308zde hedef kitleye ulas\u0327mak kavram\u0131 daha kapsaml\u0131 ve ayr\u0131nt\u0131l\u0131 bir hale gelerek \u201cdog\u0306ru kitleye dog\u0306ru ic\u0327erikle ulas\u0327mak \u201c s\u0327ekline gelmis\u0327tir. \u00a0 \u00a0 \u00a0 \u00a0 \u00a0Yapmam\u0131z gereken sadece m\u00fc\u015fteri veritaban\u0131\u00a0Ar\u015fivini tutmak ve takip etmek.<\/p>\n<p style=\"text-align: center;\">Bunu bir o\u0308rnekle ac\u0327\u0131klamak istersek;<br \/>\nTolga Bey bir al\u0131\u015fveri\u015f ma\u011fzas\u0131nda cep telefonu sat\u0131n ald\u0131.<br \/>\nBu bilgileri m\u00fc\u015fteri Bilgi bankas\u0131nda\u00a0kay\u0131tl\u0131 art\u0131k ve ma\u011fza bir sonraki kampanyada ona hangi el ilan reklam\u0131yla<br \/>\nilgisini \u00e7ekce\u011fini biliyor. Tolga Beyin adresine gidecek olan reklam ilan\u0131 cep telefon i\u00e7erikli ve onu<br \/>\nismine hitap edilmi\u015f b\u00f6ylece do\u011fru bilgi do\u011fru al\u0131c\u0131ya ula\u015facakt\u0131r.Ma\u011fza sahibi bu sistemle m\u00fc\u015fteri geri d\u00f6n\u00fc\u015f\u00fcn\u00fc art\u0131racakt\u0131r.<br \/>\nBir \u015firketin y\u00fcz binlerce m\u00fc\u015fterisine tek d\u00fcz bask\u0131 yolluyla ula\u015fmas\u0131 zordur.<br \/>\nUla\u015fman\u0131n teknik yap\u0131s\u0131 filmsandigitalde m\u00fcmk\u00fcn.<br \/>\nSundu\u011fumz bu hizmete dahil olun ve \u015firketinizin sat\u0131\u015flar\u0131n\u0131 art\u0131r\u0131n.<br \/>\nDaha detayl\u0131 bilgi i\u00e7in l\u00fctfn bizle irtibata ge\u00e7in.<\/p>\n<p><\/br><a class=\"iframe btn btn-primary btn-lg btn-default animation \u00a0 animation-active\" href=\"http:\/\/filmsandigital.com\/siparis\/urunler\/kisiye_ozel\">De\u011fi\u015fken G\u00f6rsellerle Takvim Olu\u015ftur<i class=\"fa fa-margin-left \"><\/i><\/a><\/p>\n<p><\/p>\t\t\t\t\t\t\n\t\t\t\t\t<\/div>\n\t\t\t\t<\/div><\/p>\n<p><\/div><\/p>\n","protected":false},"excerpt":{"rendered":"","protected":false},"author":1,"featured_media":0,"parent":0,"menu_order":0,"comment_status":"open","ping_status":"open","template":"","meta":{"spay_email":""},"_links":{"self":[{"href":"https:\/\/filmsandigital.com\/index.php?rest_route=\/wp\/v2\/pages\/767"}],"collection":[{"href":"https:\/\/filmsandigital.com\/index.php?rest_route=\/wp\/v2\/pages"}],"about":[{"href":"https:\/\/filmsandigital.com\/index.php?rest_route=\/wp\/v2\/types\/page"}],"author":[{"embeddable":true,"href":"https:\/\/filmsandigital.com\/index.php?rest_route=\/wp\/v2\/users\/1"}],"replies":[{"embeddable":true,"href":"https:\/\/filmsandigital.com\/index.php?rest_route=%2Fwp%2Fv2%2Fcomments&post=767"}],"version-history":[{"count":34,"href":"https:\/\/filmsandigital.com\/index.php?rest_route=\/wp\/v2\/pages\/767\/revisions"}],"predecessor-version":[{"id":1972,"href":"https:\/\/filmsandigital.com\/index.php?rest_route=\/wp\/v2\/pages\/767\/revisions\/1972"}],"wp:attachment":[{"href":"https:\/\/filmsandigital.com\/index.php?rest_route=%2Fwp%2Fv2%2Fmedia&parent=767"}],"curies":[{"name":"wp","href":"https:\/\/api.w.org\/{rel}","templated":true}]}}