{"id":725,"date":"2014-03-04T10:02:16","date_gmt":"2014-03-04T10:02:16","guid":{"rendered":"http:\/\/localhost\/wordpress\/?page_id=725"},"modified":"2019-10-31T15:35:22","modified_gmt":"2019-10-31T12:35:22","slug":"about-us","status":"publish","type":"page","link":"https:\/\/filmsandigital.com\/?page_id=725","title":{"rendered":"Hakk\u0131m\u0131zda"},"content":{"rendered":"<p><div class=\"row\"><br \/>\n<div class=\"col-md-3\"><div class=\"statistic-post animation  \">\n\t\t\t\t\t<span class=\"icon-stat\"><i class=\"fa fa-file-text\"><\/i><\/span>\n\t\t\t\t\t<p class=\"counter\" data-perc=\"300000\"><span class=\"numb\">300000<\/span><\/p>\n\t\t\t\t\t<p>Ayl\u0131k A3 Bask\u0131<\/p>\n\t\t\t\t <\/div><\/div><\/p>\n<div class=\"col-md-3\"><div class=\"statistic-post animation  \">\n\t\t\t\t\t<span class=\"icon-stat\"><i class=\"fa fa-shopping-cart\"><\/i><\/span>\n\t\t\t\t\t<p class=\"counter\" data-perc=\"300\"><span class=\"numb\">300<\/span><\/p>\n\t\t\t\t\t<p>Ayl\u0131k \u0130nternet Sipari\u015f <\/p>\n\t\t\t\t <\/div><\/div>\n<div class=\"col-md-3\"><div class=\"statistic-post animation  \">\n\t\t\t\t\t<span class=\"icon-stat\"><i class=\"fa fa-tasks\"><\/i><\/span>\n\t\t\t\t\t<p class=\"counter\" data-perc=\"1500\"><span class=\"numb\">1500<\/span><\/p>\n\t\t\t\t\t<p>Ayl\u0131k Biten \u0130\u015f <\/p>\n\t\t\t\t <\/div><\/div>\n<p><div class=\"col-md-3\"><div class=\"statistic-post animation  \">\n\t\t\t\t\t<span class=\"icon-stat\"><i class=\"fa fa-users\"><\/i><\/span>\n\t\t\t\t\t<p class=\"counter\" data-perc=\"85\"><span class=\"numb\">85<\/span><\/p>\n\t\t\t\t\t<p>Ayl\u0131k M\u00fc\u015fteri Say\u0131s\u0131<\/p>\n\t\t\t\t <\/div><\/div><br \/>\n<\/div><br \/>\n<div class=\"row\"> <\/div><\/p>\n<div class=\"row\">\n<h3><em>B\u0130Z K\u0130M\u0130Z<\/em><\/h3>\n<p>1979 senesinde kurulan Filmsan, o g\u00fcnlerin zorlu \u015fartlar\u0131 ve teknolojinin izin verdi\u011fi \u00f6l\u00e7\u00fclerde ba\u015flad\u0131\u011f\u0131 yolculu\u011funa 40 y\u0131ld\u0131r ayn\u0131 titizlik ve \u00f6zveriyle devam ediyor. Kurucusu olan \u0130slam Gen\u00e7\u2019in dedi\u011fi gibi <strong>\u201c<em>d\u00fcr\u00fcstl\u00fck ve kaliteyi her zaman paraya tercih edenlerdeniz<\/em>\u201d<\/strong> ilkesini hi\u00e7bir zaman kaybetmeden, teknolojik yenilikleri yak\u0131ndan takip ederek, kendi sekt\u00f6r\u00fcnde daima \u00f6rnek olma ba\u015far\u0131s\u0131n\u0131 g\u00f6stermi\u015f bir kurum olmu\u015ftur.<br \/>\nFilmsan, g\u00fcn\u00fcm\u00fcz teknolojisinde, hizmet verdi\u011fi sekt\u00f6r\u00fcn ihtiya\u00e7lar\u0131n\u0131 daima \u00f6n planda tutarak, tecr\u00fcbeli \u00e7al\u0131\u015fanlar\u0131na sundu\u011fu imkanlar\u0131n\u0131, teknolojinin izin verdi\u011fi \u00f6l\u00e7\u00fcde olu\u015fturdu\u011fu makina park\u0131 ile destekleyerek, sonu\u00e7lar\u0131ndan emin olaca\u011f\u0131 i\u015fleri sizlerle payla\u015fm\u0131\u015f ve kaliteli bask\u0131 hizmetini daima \u00fcst seviyelere ta\u015f\u0131m\u0131\u015ft\u0131r.<br \/>\n<\/div><br \/>\n<div class=\"row\"><\/p>\n<h3><em>K\u0130TAP BASKI:<\/em><\/h3>\n<p>Yazar, \u015fair ya da akademisyenseniz ve \u00f6n tan\u0131t\u0131m i\u00e7in size az say\u0131da \u00f6rnek laz\u0131m. Filmsan Dijital size h\u0131zl\u0131 bir \u015fekilde bu hizmeti sa\u011flamaktad\u0131r. Matbaa bask\u0131s\u0131ndan hi\u00e7 bir fark\u0131 olmaks\u0131z\u0131n ama \u00e7ok daha h\u0131zl\u0131 bir \u015fekilde!<br \/>\n<\/div><br \/>\n<div class=\"row\"><\/p>\n<h3><span style=\"color: #000000;\"><em>TARAMA:<\/em><\/span><\/h3>\n<p>Dia ve opak dok\u00fcmanlar\u0131n masa\u00fcst\u00fc ve tamburlu taray\u0131c\u0131larda t\u00fcm renk kontrolleri yap\u0131larak uygun rezulasyon ile taramalar\u0131 yap\u0131larak dijital ortama aktar\u0131lmaktad\u0131r.<br \/>\n<\/div><br \/>\n<div class=\"row\"><\/p>\n<h3><em>AC\u0130L BASKI :<\/em><\/h3>\n<p>Acil Bask\u0131 hizmetimizi size bir \u00f6rnekle anlatmak istersek; Yar\u0131n sabah toplat\u0131n\u0131z var ve size acil sunum dosyalar\u0131 laz\u0131m. Filmsan Dijital\u2019in zengin makine park\u0131 ve tecr\u00fcbeli ekibi ile \u00e7ok h\u0131zl\u0131 bir \u015fekilde bu ihtiyac\u0131n\u0131z\u0131 hemen kar\u015f\u0131lar. Filmsan\u0131 aray\u0131n acil bask\u0131 ihtiya\u00e7lar\u0131n\u0131z\u0131 \u00e7\u00f6z\u00fcn.<br \/>\n<\/div><br \/>\n<div class=\"row\"><\/p>\n<h3><em>B\u0130RE B\u0130R PAZARLAMA \u00dcR\u00dcNLER\u0130 (ONE TO ONE MARKET\u0130NG):<\/em><\/h3>\n<p>G\u00fcn\u00fcm\u00fczde hedef kitleye ula\u015fmak kavram\u0131 daha kapsaml\u0131 ve ayr\u0131nt\u0131l\u0131 bir hale gelerek \u201cdo\u011fru kitleye do\u011fru i\u00e7erikle ula\u015fmak \u201c \u015fekline gelmi\u015ftir. Bunu bir \u00f6rnekle a\u00e7\u0131klamak istersek; Ahmet Bey tatillerini s\u00fcrekli deniz k\u0131y\u0131s\u0131nda ya\u015famay\u0131 seven bir yap\u0131s\u0131 vard\u0131r. E\u011fer siz Ahmet Bey\u2019in bu iste\u011fi ve e\u011filimlerini hesaplamadan ona denizden uzak bir tatil \u00f6nerisinde bulunup ona bu tatille ilgili kataloglar ve tan\u0131t\u0131m mecralar\u0131 yollarsan\u0131z tamamen hedef d\u0131\u015f\u0131 bir ileti\u015fim \u00f6rne\u011fi ve bo\u015fa ge\u00e7en bir pazarlama takti\u011fi olur.<br \/>\n<\/div><br \/>\n<div class=\"row\"><\/p>\n<h3><em>K\u0130\u015e\u0130YE \u00d6ZEL POSTALAR,TANITIM MEKTUPLARI (MAILING):<\/em><\/h3>\n<p>Ba\u015far\u0131l\u0131 bir mailing nas\u0131l olur? Dikkatini, ilgisini \u00e7eken, ak\u0131lda kalan bir bask\u0131 ancak bunu m\u00fcmk\u00fcn k\u0131lar. Bir \u015firketin y\u00fcz binlerce m\u00fc\u015fterisine tek d\u00fcze bir bask\u0131 yolluyla ula\u015fmas\u0131 zordur. Ula\u015fman\u0131n teknik yap\u0131s\u0131 Filmsan Digital\u2019den ge\u00e7er.Nas\u0131l m\u0131? M\u00fc\u015fteri bilgilerinizi bir veri taban\u0131nda toplaman\u0131z gerekir. Bu bilgiler; isim, adres, ya\u015f, \u00f6nceden ald\u0131\u011f\u0131 \u00fcr\u00fcnler ve m\u00fc\u015fterinin ilgilendi\u011fi alanlar \u015feklinde olmas\u0131 size bu hizmetin getirilerini fazlas\u0131yla artt\u0131racakt\u0131r. Sundu\u011fumuz bu hizmete sizde dahil olun ve \u015firketinizin sat\u0131\u015flar\u0131n\u0131 art\u0131r\u0131n.<br \/>\n<\/div><br \/>\n<div class=\"row\"><\/p>\n<h3><em>K\u0130\u015e\u0130YE \u00d6ZEL MAGAZ\u0130N KAPAK UYGULAMASI:<\/em><\/h3>\n<p>BU AY DERG\u0130N\u0130N KAPA\u011eINDA S\u0130Z VARSINIZ! Cover\u2019da evrim. Derginize abone olan m\u00fc\u015fterinize ho\u015f bir s\u00fcrpriz yap\u0131n.Abonenin ismini ya da foto\u011fraf\u0131n\u0131 Dergi kapa\u011f\u0131na bast\u0131r\u0131n.Abone olan m\u00fc\u015fterinizi bu ho\u015f s\u00fcrprizle \u015f\u0131martal\u0131m.<br \/>\n<\/div><br \/>\n<div class=\"row\"><\/p>\n<h3><em>D\u0130GO:<\/em><\/h3>\n<p>Digo (digital+ofset ikisiyle kombine olarak kullan\u0131l\u0131m\u0131) sayesinde yeni bir trend do\u011fuyor. Dijital ve ofsetin birle\u015fmesi sayesinde y\u00fckl\u00fc miktarda bask\u0131larda de\u011fi\u015fken veri\u00a0olabilir. \u00c7oklu miktarda ki\u015fiye \u00f6zel bask\u0131 yapmak bu zamanda biraz maliyetli geliyorsa\u00a0bu y\u00f6ntem sayesinde istedi\u011finiz de\u011fi\u015fken verileri\u00a0bast\u0131rabilirsiniz.<\/p>\n<p><\/div><br \/>\n<div class=\"row\"><\/p>\n<h3>QR CODE:<\/h3>\n<p>G\u00fcn\u00fcm\u00fczde Qr code\u2019lar\u0131n kullan\u0131m\u0131 ileti\u015fim sekt\u00f6r\u00fcnde zaman ilerledik\u00e7e artmaktad\u0131r.<br \/>\nArt\u0131k hayat\u0131m\u0131z\u0131n bir par\u00e7as\u0131 olan Ak\u0131ll\u0131 Telefonlarla bir bilgiye ula\u015fmak i\u00e7in cihaz\u0131n\u0131z\u0131 a\u00e7\u0131p merak ettiklerinizi yaz\u0131p arayabiliyorsunuz. Bu biraz zaman almakta ki tam da bu s\u0131rada Qr code devreye girmektedir. Nas\u0131l? Yapman\u0131z gereken sadece cep telefonunuzla \u00f6nceden indirmi\u015f oldu\u011funuz Barcode okuyucusu ile qr code\u2019u okutmakt\u0131r. Qr codlar size ula\u015fman\u0131z gereken sayfaya y\u00f6nlendirir veya bilgileri otomatik cep telefonunuza kay\u0131t eder. Qr code\u2019u as\u0131l ilgin\u00e7 k\u0131lan her bir qr code ki\u015fiye \u00f6zel bas\u0131labilir. Yani bire bir Pazarlamada her bir m\u00fc\u015fterinize farkl\u0131 bilgi ve teklif sunabilirsiniz.<br \/>\nNerede kullan\u0131l\u0131r; kampanya kartlarda, hesap ekstrelerinde, bro\u015f\u00fcrde, kartvizitlerde, etiketlerde ve benzeri bir \u00e7ok uygulamada&#8230;<br \/>\n<\/div><br \/>\n<div class=\"row\"><\/p>\n<h3><em>KARTV\u0130Z\u0130T:<\/em><\/h3>\n<p>Filmsan Dijital kartvizit ihtiya\u00e7lar\u0131n\u0131za \u00e7ok h\u0131zl\u0131 ve kaliteli \u00e7\u00f6z\u00fcmler \u00fcretmektedir. Kartvizitiniz matbaada ortalama elinize 2 g\u00fcn civar\u0131nda ula\u015f\u0131rken Filmsan Dijital bu s\u00fcreyi <strong>15<\/strong> dakikaya kadar indirmektedir. \u0130stenilen ka\u011f\u0131da, tercihinize g\u00f6re selefonlu ve \u00f6zel kesimli olarak teslim edilmektedir.<br \/>\n<\/div><br \/>\n<div class=\"row\"><\/p>\n<h3><em>BLOKNOT:<\/em><\/h3>\n<p>Bloknot ihtiyac\u0131n\u0131z\u0131 tek d\u00fcze ve s\u0131radan bir \u015fekilde yapmaktansa Filmsan Dijitalde size farkl\u0131 \u00e7\u00f6z\u00fcmler sunal\u0131m.<br \/>\n(Ki\u015fiye \u00f6zel yapraklar, de\u011fi\u015fken renkler gibi \u00e7\u00f6z\u00fcmlerimizi deneyin.<br \/>\n<\/div><br \/>\n<div class=\"row\"><\/p>\n<h3><em>ZARF:<\/em><\/h3>\n<p>Davetiye Zarflar\u0131 art\u0131k ki\u015fiselle\u015fiyor. Davetiyeleriniz i\u00e7in isimleri kalemle tek tek yazmak yerine, Kaligrafi fontu dijital ortamda haz\u0131rlay\u0131p bas\u0131l\u0131 halde size teslim ediyoruz. Kurumsal Zarflar ihtiya\u00e7 do\u011frultusunda posta ile teslim edilece\u011fi adresin bask\u0131s\u0131n\u0131 da Filmsan Dijital yap\u0131yor.<br \/>\n<\/div><br \/>\n<div class=\"row\"><\/p>\n<h3><em>ANTETL\u0130 KA\u011eIT:<\/em><\/h3>\n<p>Son anda Antetli ka\u011f\u0131d\u0131n\u0131z bitti ve acilen ihtiyac\u0131n\u0131z var. Uzun bir bekleyi\u015fe gerek yok. Filmsan Dijitalde dakikalar i\u00e7erisinde Antetli Ka\u011f\u0131tlar\u0131n\u0131z bas\u0131l\u0131p teslim edilir duruma geliyor.<br \/>\n<\/div><br \/>\n<div class=\"row\"><\/p>\n<h3><em>KATALOG-BRO\u015e\u00dcR:<\/em><\/h3>\n<p>Az adetli Katalog i\u015flerinizde \u00e7\u00f6z\u00fcm orta\u011f\u0131n\u0131z olarak yan\u0131nday\u0131z. \u0130ster 1 adet ya da 100 adet. Filmsan size en k\u0131sa \u00fcretim garantisini veriyor. Katalog ve bro\u015f\u00fcr bask\u0131n\u0131z\u0131 isme ya da \u015firketlere \u00f6zel yapt\u0131rabilirsiniz.<br \/>\n<\/div><br \/>\n<div class=\"row\"><\/p>\n<h3><em>F\u00d6YLER:<\/em><\/h3>\n<p>F\u00f6yler bas\u0131l\u0131 evraklar\u0131n i\u00e7inde \u00e7oklu kitleye ula\u015fmak i\u00e7in en \u00e7ok tercih edilen y\u00f6ntemdir. Yenilik\u00e7i ve farkl\u0131 uygulamalarla ihtiyac\u0131n\u0131z kadar bast\u0131r\u0131n, hedef kitlenize daha k\u0131sa zamanda ula\u015f\u0131n.<br \/>\n<\/div><br \/>\n<div class=\"row\"><\/p>\n<h3><em>FAAL\u0130YET RAPORU:<\/em><\/h3>\n<p>G\u00fcn\u00fcm\u00fczde \u015firketlerin en \u00e7ok kulland\u0131klar\u0131 materyallerden biri de Faaliyet Raporlar\u0131d\u0131r. \u015eirketiniz i\u00e7in Profesyonel ekibimizle size y\u00fcksek bask\u0131 teknolojisi ile h\u0131zl\u0131 ve kaliteli \u00e7\u00f6z\u00fcmler sunuyoruz.<br \/>\n<strong>Kullan\u0131m K\u0131lavuzu:<\/strong> \u015eirketinizin yeni biri \u00fcr\u00fcn\u00fc var ve \u015fimdilik az adetli \u00fcretime ge\u00e7iyorsunuz. Kullan\u0131m K\u0131lavuzunuzun az adet bask\u0131s\u0131n\u0131 Filmsan Dijital yapar. E\u011fer sipari\u015f \u00fczerine \u00fcretilen \u00f6zel \u00fcr\u00fcnleriniz varsa ki\u015fiye \u00f6zel Kullan\u0131m K\u0131lavuzlar\u0131n\u0131z da olmas\u0131 size b\u00fcy\u00fck bir avantaj sa\u011flar. M\u00fc\u015fteriniz \u00fczerinde \u00f6zel bir etki yaratacakt\u0131r.<br \/>\n<\/div><br \/>\n<div class=\"row\"><\/p>\n<h3><em>MEN\u00dc:<\/em><\/h3>\n<p>G\u00fcn\u00fcm\u00fczde restoranlar\u0131n en \u00f6nemli sunumlar\u0131n\u0131n ba\u015f\u0131nda men\u00fcler gelmektedir. Men\u00fcler az adetli oldu\u011fundan matbaa bask\u0131lar\u0131 \u00e7ok daha maliyetli olmaktad\u0131r. Filmsan Dijital farkl\u0131, g\u00f6z al\u0131c\u0131 men\u00fc uygulamalar\u0131 ile size ve m\u00fc\u015fterilerinize \u00f6zel bir \u00fcr\u00fcn sunmaktad\u0131r.<br \/>\n<\/div><br \/>\n<div class=\"row\"><\/p>\n<h3><em>AF\u0130\u015e:<\/em><\/h3>\n<p>48&#215;33 cm \u00f6l\u00e7\u00fcs\u00fcndeki Afi\u015flerinizi 1-500 adet aral\u0131\u011f\u0131nda en h\u0131zl\u0131 ve en ekonomik \u015fekilde size teslim ediyoruz. Az adetli (1-20 adet kadar)70&#215;100 cm ve 50&#215;70 cm bask\u0131lar\u0131n\u0131z ise birka\u00e7 dakikada haz\u0131r.<br \/>\n<\/div><br \/>\n<div class=\"row\"><\/p>\n<h3><em>F\u0130YAT L\u0130STES\u0130:<\/em><\/h3>\n<p>Fiyat listelerinizi g\u00fcn\u00fcm\u00fcz\u00fcn \u015fartlar\u0131nda anl\u0131k de\u011fi\u015fiklikler y\u00fcz\u00fcnden s\u00fcrekli g\u00fcncel tutman\u0131z gerekmektedir. Fiyat listelerinizi en do\u011fru ve en h\u0131zl\u0131 d\u00fczeltme y\u00f6ntemi ise dijital bask\u0131dan ge\u00e7er.<br \/>\n<\/div><br \/>\n<div class=\"row\"><\/p>\n<h3><em>DAVET\u0130YE:<\/em><\/h3>\n<p>Davetiyelerinizin h\u0131zl\u0131 ve ekonomik \u015fekilde haz\u0131r olmas\u0131n\u0131 istiyorsan\u0131z, Filmsan Dijital bu konuda size \u00f6nemli \u00e7\u00f6z\u00fcmler sunuyor. Davetiyenizi Dijital Ofsetimizle en iyi \u015fekilde haz\u0131rlan\u0131p size birka\u00e7 dakika i\u00e7inde teslim edilmektedir. E\u011fer isterseniz zarflar\u0131n \u00fcst\u00fcne davetlilerin isimlerini dijital bask\u0131 ile yaz\u0131lmaktad\u0131r.<br \/>\n<\/div><br \/>\n<div class=\"row\"><\/p>\n<h3><em>AJANDA:<\/em><\/h3>\n<p>Ajandalar\u0131n\u0131za ki\u015filik kat\u0131n. Kapaklar ki\u015fiye \u00f6zel yap\u0131p renk se\u00e7imin de ki\u015filere g\u00f6re farkl\u0131 olmas\u0131n\u0131 sa\u011flayal\u0131m. \u0130htiyac\u0131n\u0131z do\u011frultusunda az adetli.<br \/>\n<\/div><br \/>\n<div class=\"row\"><\/p>\n<h3><em>TAKV\u0130M:<\/em><\/h3>\n<p>Filmsan Dijital\u2019in ki\u015fiye \u00f6zel uygulama kategorisindeki en \u00f6nemli \u00fcr\u00fcnlerinin ba\u015f\u0131nda Takvimler gelmektedir. Bu \u00f6zel uygulama ile \u00f6zel g\u00fcn ve zamanlar i\u00e7in ideal bir \u00fcr\u00fcnd\u00fcr. \u00c7ok say\u0131da farkl\u0131 ve \u00f6zel Takvim \u00fcr\u00fcn\u00fcm\u00fcz\u00fc web sayfam\u0131zdan inceleyebilirsiniz.<br \/>\n<\/div><br \/>\n<div class=\"row\"><\/p>\n<h3><em>SUNUM\u00a0VE E\u011e\u0130T\u0130M\u00a0D\u00d6K\u00dcMANLARI:<\/em><\/h3>\n<p>Sunumu haz\u0131rlamak i\u00e7in g\u00fcnlerdir \u00e7al\u0131\u015f\u0131yorsunuz. Sonunda bitti ve acilen bas\u0131lmas\u0131 gerekiyor. Siz haz\u0131rlad\u0131\u011f\u0131n\u0131z Sunum Dosyan\u0131z\u0131 bize g\u00f6nderin, Filmsan Dijitalde bask\u0131dan \u00e7\u0131kt\u0131ktan sonra bizde sizin adresinize teslim edelim.<br \/>\n<\/div><br \/>\n<div class=\"row\"><\/p>\n<h3><em>MASA KARTLARI:<\/em><\/h3>\n<p>Toplant\u0131 ve \u00f6zel g\u00fcnlerin olmazsa olmazlar\u0131d\u0131r. Nerede \u00fcretildi\u011fini art\u0131k biliyorsunuz. \u0130sterseniz \u00f6zel ka\u011f\u0131da veya kal\u0131n ku\u015fe ka\u011f\u0131da, tek renk ya da renkli ka\u00e7 isim olursa olsun \u00e7\u00f6z\u00fcmlerimiz h\u0131zl\u0131 ve kaliteli.<br \/>\n<\/div><br \/>\n<div class=\"row\"><\/p>\n<h3><em>SERT\u0130F\u0130KALAR:<\/em><\/h3>\n<p>Dijital bask\u0131 sayesinde art\u0131k Sertifikalar sahibinin ismiyle bas\u0131labilir, b\u00f6ylece isimleri el ile yazman\u0131za gerek kalmamaktad\u0131r. En kompleks Sertifika t\u00fcrleri Filmsan da h\u0131zl\u0131 ve g\u00fcvenilir bir \u015fekilde \u00fcretilmektedir.<br \/>\n<\/div><br \/>\n<div class=\"row\"><\/p>\n<h3><em>YAPI\u015eKANLI ET\u0130KET:<\/em><\/h3>\n<p>Etiket bask\u0131lar\u0131 dijital ofset bask\u0131 sayesinde 1 g\u00fcnde teslim ediyoruz ve en \u00f6nemlisi ise renk kayb\u0131na u\u011fram\u0131yorlar. Standart kulland\u0131\u011f\u0131m\u0131z etiket malzemesi; ku\u015fe ka\u011f\u0131d\u0131n \u00e7\u0131kartmas\u0131, \u015feffaf \u00e7\u0131kartma ka\u011f\u0131d\u0131 ve CD etiket ka\u011f\u0131d\u0131.<br \/>\n<\/div><br \/>\n<div class=\"row\"><\/p>\n<h3><em>MAGNETLER:<\/em><\/h3>\n<p>\u00c7ok \u00f6zel g\u00fcn\u00fcn i\u00e7in misafirlerinize magnet hediye etmek istiyorsunuz. O g\u00fcne \u00f6zel magnetlerinizi, Filmsan Dijitalden istedi\u011finiz miktarda ve istedi\u011finiz kadar farkl\u0131 g\u00f6rseller kullanarak bast\u0131ra bilirsiniz.<br \/>\n<\/div><br \/>\n<div class=\"row\"><\/p>\n<h3><em>KAZI KAZAN KARTLAR\u00a0VE HED\u0130YE \u00c7EKLER\u0130:<\/em><\/h3>\n<p>Minimum hata, maksimum g\u00fcven. Kampanya kartlarda hatan\u0131n yeri yoktur.<br \/>\nNumaralarda ve Barkodlarda uzmanla\u015fan Filmsan Digital Kampanya Kartlar\u0131n\u0131z\u0131 zaman\u0131nda ve hatas\u0131z teslim ediyor. \u0130\u015finizi \u015fansa b\u0131rakmay\u0131n, Filmsan Digital \u00c7\u00f6z\u00fcm orta\u011f\u0131n\u0131z olsun.<br \/>\n<\/div><br \/>\n<div class=\"row\"><\/p>\n<h3><em>FOTOK\u0130TAP:<\/em><\/h3>\n<p>Photobook Foto\u011frafl\u0131 an\u0131 kitab\u0131d\u0131r. Do\u011fumda,D\u00fc\u011f\u00fcnde,Tatilde,Partide \u00e7ekti\u011fin foto\u011fraflarla Fotokitap yapar, sevdiklerinle payla\u015f\u0131rs\u0131n. Foto\u011fraflar ve An\u0131lar! Peki neredeler?<br \/>\nKullan\u0131lmayan \u00e7ekmecelerde mi? Yoksa bir anda yok olabilecek bilgisayarda m\u0131? Foto\u011fraflar\u0131nla haz\u0131rlayaca\u011f\u0131n fotokitap sana \u00f6zeldir. Ba\u015frolde Sen ve Sevdiklerin var&#8230;<br \/>\nsenin hayat\u0131n,senin hikayen&#8230; senin kitab\u0131n&#8230;<br \/>\nDaha fazla bilgi i\u00e7in <a href=\"http:\/\/www.photobook.com.tr\" target=\"_blank\">www.photobook.com.tr<\/a> t\u0131klay\u0131n<br \/>\n<\/div><br \/>\n<div class=\"row\"><\/p>\n<h3><em>M\u00dcCELL\u0130T \u00a0:<\/em><\/h3>\n<p>T\u00fcm sayfalar\u0131n\u0131n levhalar halinde b\u00fck\u00fclmeden ciltlemesine verilen uluslararas\u0131 bir terimdir. Bu teknikle yap\u0131lan ciltlemelerde sayfa ortas\u0131nda kay\u0131p olmaz.<br \/>\n\u00c7ift sayfa kullan\u0131lan resimler panoramik olarak kay\u0131ps\u0131z izlenebilir. <strong>Kullan\u0131m Alan\u0131:<\/strong> Tan\u0131t\u0131m Bro\u015f\u00fcr\u00fc, Men\u00fc, Foto\u011fraf Alb\u00fcm\u00fc, Portfoly\u00f6&#8230;<br \/>\n<a href=\"http:\/\/filmsandigital.com\/?page_id=1917\">Detaylar i\u00e7in t\u0131klay\u0131n\u0131z<\/a>.<br \/>\n<\/div><\/p>\n<div class=\"row\"><div class=\"title-section withmargin\">\n\t\t\t\t\t<div class=\"container animation bounceIn \" >\n\t\t\t\t\t\t<h1>Filmsan Teknoloji Ekipmanlar\u0131<\/h1>\n\t\t\t\t\t\t<p><\/p>\t\t\t\t\t\t\n\t\t\t\t\t<\/div>\n\t\t\t\t<\/div><br \/>\n<a href=\"http:\/\/filmsandigital.com\/?page_id=1648\"><div class=\"col-md-3\"><br \/>\n<div class=\"staff-post animation  \">\n\t\t\t\t<div class=\"staff-post-gal\">\n\t\t\t\t\t<img  alt=\"HP INDIGO 5600\" src=\"http:\/\/filmsandigital.com\/wp-content\/uploads\/2014\/03\/makineler_hpindigo-360x276.jpg\"> \n                <\/div>\n                <div class=\"staff-post-content\">\n\t\t\t\t\t<h5>HP INDIGO 5600<\/h5>\n                    <span>Bask\u0131 Makineleri<\/span>\n                <\/div><\/div><br \/>\n<\/div><\/a><\/p>\n<p><a href=\"http:\/\/filmsandigital.com\/?page_id=1658\"><div class=\"col-md-3\"><br \/>\n<div class=\"staff-post animation  \">\n\t\t\t\t<div class=\"staff-post-gal\">\n\t\t\t\t\t<img  alt=\"2 HE\u0130DELBERG C751\" src=\"http:\/\/filmsandigital.com\/wp-content\/uploads\/2014\/07\/makineler_yeniheidelberg-360x276.jpg\"> \n                <\/div>\n                <div class=\"staff-post-content\">\n\t\t\t\t\t<h5>2 HE\u0130DELBERG C751<\/h5>\n                    <span>Bask\u0131 Makineleri<\/span>\n                <\/div><\/div><br \/>\n<\/div><\/a><\/p>\n<p><a href=\"http:\/\/filmsandigital.com\/?page_id=1661\"><div class=\"col-md-3\"><br \/>\n<div class=\"staff-post animation  \">\n\t\t\t\t<div class=\"staff-post-gal\">\n\t\t\t\t\t<img  alt=\"CANON iPF8000S\" src=\"http:\/\/filmsandigital.com\/wp-content\/uploads\/2014\/03\/makineler_canon-360x276.jpg\"> \n                <\/div>\n                <div class=\"staff-post-content\">\n\t\t\t\t\t<h5>CANON iPF8000S<\/h5>\n                    <span>Bask\u0131 Makineleri<\/span>\n                <\/div><\/div><br \/>\n<\/div><\/a><\/p>\n<p><a href=\"http:\/\/filmsandigital.com\/?page_id=1666\"><div class=\"col-md-3\"><br \/>\n<div class=\"staff-post animation  \">\n\t\t\t\t<div class=\"staff-post-gal\">\n\t\t\t\t\t<img  alt=\"HEIDELBERG TANGO\" src=\"http:\/\/filmsandigital.com\/wp-content\/uploads\/2014\/03\/makineler_tangoscanner-360x276.jpg\"> \n                <\/div>\n                <div class=\"staff-post-content\">\n\t\t\t\t\t<h5>HEIDELBERG TANGO<\/h5>\n                    <span>Bask\u0131 Makineleri<\/span>\n                <\/div><\/div><br \/>\n<\/div><\/a><\/div>\n<p>&nbsp;<\/p>\n","protected":false},"excerpt":{"rendered":"<p>&nbsp;<\/p>\n","protected":false},"author":1,"featured_media":0,"parent":0,"menu_order":0,"comment_status":"open","ping_status":"open","template":"","meta":{"spay_email":""},"_links":{"self":[{"href":"https:\/\/filmsandigital.com\/index.php?rest_route=\/wp\/v2\/pages\/725"}],"collection":[{"href":"https:\/\/filmsandigital.com\/index.php?rest_route=\/wp\/v2\/pages"}],"about":[{"href":"https:\/\/filmsandigital.com\/index.php?rest_route=\/wp\/v2\/types\/page"}],"author":[{"embeddable":true,"href":"https:\/\/filmsandigital.com\/index.php?rest_route=\/wp\/v2\/users\/1"}],"replies":[{"embeddable":true,"href":"https:\/\/filmsandigital.com\/index.php?rest_route=%2Fwp%2Fv2%2Fcomments&post=725"}],"version-history":[{"count":85,"href":"https:\/\/filmsandigital.com\/index.php?rest_route=\/wp\/v2\/pages\/725\/revisions"}],"predecessor-version":[{"id":2351,"href":"https:\/\/filmsandigital.com\/index.php?rest_route=\/wp\/v2\/pages\/725\/revisions\/2351"}],"wp:attachment":[{"href":"https:\/\/filmsandigital.com\/index.php?rest_route=%2Fwp%2Fv2%2Fmedia&parent=725"}],"curies":[{"name":"wp","href":"https:\/\/api.w.org\/{rel}","templated":true}]}}