{"id":1661,"date":"2014-07-15T22:19:38","date_gmt":"2014-07-15T19:19:38","guid":{"rendered":"http:\/\/filmsandigital.com\/?page_id=1661"},"modified":"2014-07-15T22:22:33","modified_gmt":"2014-07-15T19:22:33","slug":"canon-image-prograf-ipf8000s","status":"publish","type":"page","link":"https:\/\/filmsandigital.com\/?page_id=1661","title":{"rendered":"CANON IMAGE PROGRAF iPF8000S"},"content":{"rendered":"<div class=\"project-content\"><img loading=\"lazy\" class=\"attachment-blog-single wp-post-image\" src=\"http:\/\/filmsandigital.com\/wp-content\/uploads\/2014\/03\/makineler_canon-848x848.jpg\" alt=\"makineler_canon\" width=\"848\" height=\"848\" \/><\/p>\n<h1>CANON IMAGE PROGRAF iPF8000S<\/h1>\n<p>Bask\u0131 Teknolojisi: Genis\u0327 ebad bask\u0131.<br \/>\nKendi s\u0131n\u0131f\u0131ndaki en u\u0308retken yaz\u0131c\u0131d\u0131r. Saatte maksimum 32,5 metre kare h\u0131z mu\u0308mku\u0308ndu\u0308r ve<br \/>\nc\u0327ift bask\u0131 kafal\u0131 tasar\u0131m\u0131 ve 4pl mu\u0308rekkep damlac\u0131klar\u0131 ile 2400 x 1200 dpi gibi inan\u0131lmaz bir c\u0327o\u0308zu\u0308nu\u0308rlu\u0308k sunar. Mu\u0308rekkep Tu\u0308ru\u0308: LUCIA Pigment mu\u0308rekkep, 8 renk (MBK, BK, PC, C, PM, M, Y, GY)<br \/>\nKag\u0306\u0131t boyut: Rulo s\u0327eklinde En 115 cm, uzunlug\u0306u 60 m.<br \/>\nKag\u0306\u0131t kal\u0131nl\u0131g\u0306\u0131: Rulo kag\u0306\u0131t ve yaprak: 0,07 &#8211; 0,8 mm<br \/>\nBask\u0131 ebad\u0131: 105 cm 203 cm<br \/>\nH\u0131z: 32,5 metre kare\/saat gibi mu\u0308this\u0327 h\u0131zlarda bask\u0131 yapar.<\/p>\n<\/div>\n","protected":false},"excerpt":{"rendered":"<p>CANON IMAGE PROGRAF iPF8000S Bask\u0131 Teknolojisi: Genis\u0327 ebad bask\u0131. Kendi s\u0131n\u0131f\u0131ndaki en u\u0308retken yaz\u0131c\u0131d\u0131r. Saatte maksimum 32,5 metre kare h\u0131z mu\u0308mku\u0308ndu\u0308r ve c\u0327ift bask\u0131 kafal\u0131 tasar\u0131m\u0131 ve 4pl mu\u0308rekkep damlac\u0131klar\u0131 ile 2400 x 1200 dpi gibi inan\u0131lmaz bir c\u0327o\u0308zu\u0308nu\u0308rlu\u0308k sunar. Mu\u0308rekkep Tu\u0308ru\u0308: LUCIA Pigment mu\u0308rekkep, 8 renk (MBK, BK, PC, C, PM, M, Y, GY) [&hellip;]<\/p>\n","protected":false},"author":1,"featured_media":0,"parent":0,"menu_order":0,"comment_status":"open","ping_status":"open","template":"","meta":{"spay_email":""},"_links":{"self":[{"href":"https:\/\/filmsandigital.com\/index.php?rest_route=\/wp\/v2\/pages\/1661"}],"collection":[{"href":"https:\/\/filmsandigital.com\/index.php?rest_route=\/wp\/v2\/pages"}],"about":[{"href":"https:\/\/filmsandigital.com\/index.php?rest_route=\/wp\/v2\/types\/page"}],"author":[{"embeddable":true,"href":"https:\/\/filmsandigital.com\/index.php?rest_route=\/wp\/v2\/users\/1"}],"replies":[{"embeddable":true,"href":"https:\/\/filmsandigital.com\/index.php?rest_route=%2Fwp%2Fv2%2Fcomments&post=1661"}],"version-history":[{"count":2,"href":"https:\/\/filmsandigital.com\/index.php?rest_route=\/wp\/v2\/pages\/1661\/revisions"}],"predecessor-version":[{"id":1665,"href":"https:\/\/filmsandigital.com\/index.php?rest_route=\/wp\/v2\/pages\/1661\/revisions\/1665"}],"wp:attachment":[{"href":"https:\/\/filmsandigital.com\/index.php?rest_route=%2Fwp%2Fv2%2Fmedia&parent=1661"}],"curies":[{"name":"wp","href":"https:\/\/api.w.org\/{rel}","templated":true}]}}