{"id":1648,"date":"2014-07-15T22:03:59","date_gmt":"2014-07-15T19:03:59","guid":{"rendered":"http:\/\/filmsandigital.com\/?page_id=1648"},"modified":"2015-04-14T23:18:45","modified_gmt":"2015-04-14T20:18:45","slug":"hp-indigo-3500","status":"publish","type":"page","link":"https:\/\/filmsandigital.com\/?page_id=1648","title":{"rendered":"HP INDIGO 3500"},"content":{"rendered":"<div class=\"project-content\"><a href=\"http:\/\/filmsandigital.com\/wp-content\/uploads\/2014\/07\/face_reklam5600.png\"><img loading=\"lazy\" class=\"aligncenter  wp-image-2172\" src=\"http:\/\/filmsandigital.com\/wp-content\/uploads\/2014\/07\/face_reklam5600.png\" alt=\"face_reklam5600\" width=\"680\" height=\"680\" srcset=\"https:\/\/filmsandigital.com\/wp-content\/uploads\/2014\/07\/face_reklam5600.png 650w, https:\/\/filmsandigital.com\/wp-content\/uploads\/2014\/07\/face_reklam5600-150x150.png 150w, https:\/\/filmsandigital.com\/wp-content\/uploads\/2014\/07\/face_reklam5600-300x300.png 300w, https:\/\/filmsandigital.com\/wp-content\/uploads\/2014\/07\/face_reklam5600-45x45.png 45w\" sizes=\"(max-width: 680px) 100vw, 680px\" \/><\/a><\/p>\n<h1>HP INDIGO\u00a05600<\/h1>\n<div class=\"item ruler-hor\" style=\"color: #000000;\">\n<dl class=\"spec_group\">\n<dd>\n<dl>\n<dt style=\"font-weight: bold;\">Ka\u011f\u0131t boyutu maksimum<span class=\"delimitor\">:<\/span><\/dt>\n<dd>330 x 482 mm (317 x 450 mm maksimum g\u00f6r\u00fcnt\u00fc alan\u0131)<\/dd>\n<\/dl>\n<dl>\n<dt style=\"font-weight: bold;\">Renkli bask\u0131 kalitesi (en iyi)<span class=\"delimitor\">:<\/span><\/dt>\n<dd>8 bit&#8217;te 812 ve 1219 dpi \u00f6l\u00e7eklerine yan\u0131t verebilme: 2438 x 2438 dpi HDI (Y\u00fcksek Tan\u0131ml\u0131 G\u00f6r\u00fcnt\u00fcleme)<\/dd>\n<\/dl>\n<dl>\n<dt style=\"font-weight: bold;\">Ortam kal\u0131nl\u0131\u011f\u0131<span class=\"delimitor\">:<\/span><\/dt>\n<dd>\n<ul class=\"nobullet\">\n<li>Maksimum 400 mikron, iste\u011fe ba\u011fl\u0131 kal\u0131n alt tabaka tak\u0131m\u0131yla maksimum 460 mikron<\/li>\n<\/ul>\n<\/dd>\n<\/dl>\n<dl>\n<dt style=\"font-weight: bold;\">Bask\u0131 kartu\u015fu say\u0131s\u0131<span class=\"delimitor\">:<\/span><\/dt>\n<dd>Standart: 4 (birer tane siyah, camg\u00f6be\u011fi, macenta, sar\u0131); HP IndiChrome 6 renkli on-press bask\u0131: 6 (1 adet siyah, camg\u00f6be\u011fi, macenta, sar\u0131, turuncu, mor); HP IndiChrome Plus 7 renkli on-press bask\u0131: 7 (1 adet siyah, camg\u00f6be\u011fi, macenta, sar\u0131, turuncu, mor, ye\u015fil)<\/dd>\n<\/dl>\n<dl>\n<dt style=\"font-weight: bold;\">Renk kalibrasyon \u00f6zellikleri<span class=\"delimitor\">:<\/span><\/dt>\n<dd>Otomatik renk kalibrasyonu i\u00e7in sat\u0131r i\u00e7i yo\u011funluk \u00f6l\u00e7er. On-press CMYK kullan\u0131larak PANTONE PLUS\u00ae, PANTONE MATCHING SYSTEM\u00ae ve PANTONE Goe\u2122 HP Profesyonel PANTONE Em\u00fclasyon Teknolojisi; HP IndiChrome on press; HP IndiChrome Plus on-press<\/dd>\n<\/dl>\n<dl>\n<dt style=\"font-weight: bold;\">Renk y\u00f6netim \u00f6zellikleri<span class=\"delimitor\">:<\/span><\/dt>\n<dd>CMYK&#8217;n\u0131n yan\u0131 s\u0131ra turuncu, mor, ye\u015fil, yans\u0131mal\u0131 mavi, rodamin k\u0131rm\u0131z\u0131, parlak sar\u0131 ve \u015feffaf m\u00fcrekkepleri kullanarak nokta renk olu\u015fturmak i\u00e7in HP IndiChrome M\u00fcrekkep Kar\u0131\u015ft\u0131rma Sistemi (IMS).<\/dd>\n<\/dl>\n<dl>\n<dt style=\"font-weight: bold;\">Desteklenen renk standard\u0131<span class=\"delimitor\">:<\/span><\/dt>\n<dd>\n<ul class=\"nobullet\">\n<li>Camg\u00f6be\u011fi, macenta, sar\u0131, siyah, turuncu, mor, ye\u015fil, UV k\u0131rm\u0131z\u0131, a\u00e7\u0131k camg\u00f6be\u011fi, a\u00e7\u0131k macenta, beyaz<\/li>\n<li>dijital mat, \u00f6zel nokta renkleri<\/li>\n<\/ul>\n<\/dd>\n<\/dl>\n<dl>\n<dt style=\"font-weight: bold;\">D\u00f6rt renkli bask\u0131 h\u0131z\u0131<span class=\"delimitor\">:<\/span><\/dt>\n<dd>Dakikada en fazla 68 A4 sayfa (4\/0), \u00e7ift tarafl\u0131 (EPM modunda dakikada en fazla 90 A4 renkli \u00e7ift tarafl\u0131 bask\u0131)<\/dd>\n<\/dl>\n<dl>\n<dt style=\"font-weight: bold;\">Tek renkli bask\u0131 h\u0131z\u0131<span class=\"delimitor\">:<\/span><\/dt>\n<dd>Dakikada en fazla 272 A4 sayfa (1\/0), \u00e7ift tarafl\u0131 (dakikada en fazla 136 A4 sayfa (2\/0), \u00e7ift tarafl\u0131)<\/dd>\n<\/dl>\n<dl>\n<dt style=\"font-weight: bold;\">Yaz\u0131c\u0131 ak\u0131ll\u0131 yaz\u0131l\u0131m \u00f6zellikleri<span class=\"delimitor\">:<\/span><\/dt>\n<dd>Standart yap\u0131land\u0131rmaya dahil olmayan ve ayr\u0131 olarak sat\u0131n al\u0131nmas\u0131 gereken iste\u011fe ba\u011fl\u0131 \u00f6zellikler: 5, 6 veya 7 on-press m\u00fcrekkep istasyonuyla geli\u015fmi\u015f renk olanaklar\u0131; HP IndiChrome M\u00fcrekkep Kar\u0131\u015ft\u0131rma Sistemi; Beyaz m\u00fcrekkep tak\u0131m\u0131, HP ElectroInk White&#8217;\u0131n kullan\u0131labilmesine olanak sa\u011flar; Kal\u0131n alt tabaka tak\u0131m\u0131, 400 g\/m\u00b2 kal\u0131nl\u0131\u011fa kadar kartonlar\u0131 destekler; One Shot i\u015flem tak\u0131m\u0131, HP Indigo One Shot Renk teknolojisini kullanarak sentetik \u00fczerine bask\u0131ya olanak sa\u011flar ; her biri maksimum 1800 yaprak (120 g\/m\u00b2 ortam) kapasiteli \u00fc\u00e7 \u00e7ekmeceye sahip bir ek besleyici; maksimum 6100 yaprak (120 g\/m\u00b2 ortam) kapasiteli bir ek y\u0131\u011f\u0131nlay\u0131c\u0131<\/dd>\n<\/dl>\n<dl>\n<dt style=\"font-weight: bold;\"><\/dt>\n<\/dl>\n<p>\u00a0<\/dd>\n<\/dl>\n<\/div>\n<div class=\"item ruler-hor\" style=\"color: #000000;\">\n<dl class=\"spec_group\">\n<dt class=\"spec_group_title item-header section-header-text\" style=\"font-weight: bold;\">\n<h2 class=\"group_head\">Ka\u011f\u0131t kullan\u0131m\u0131<\/h2>\n<\/dt>\n<dd>\n<dl>\n<dt style=\"font-weight: bold;\">Ortam kal\u0131nl\u0131\u011f\u0131<span class=\"delimitor\">:<\/span><\/dt>\n<dd>Maksimum 400 mikron, iste\u011fe ba\u011fl\u0131 kal\u0131n alt tabaka tak\u0131m\u0131yla maksimum 460 mikron<\/dd>\n<\/dl>\n<dl>\n<dt style=\"font-weight: bold;\">Ka\u011f\u0131t boyutu maksimum<span class=\"delimitor\">:<\/span><\/dt>\n<dd>330 x 482 mm (317 x 450 mm maksimum g\u00f6r\u00fcnt\u00fc alan\u0131)<\/dd>\n<\/dl>\n<p>\u00a0<\/dd>\n<\/dl>\n<\/div>\n<div class=\"item ruler-hor\" style=\"color: #000000;\"><\/div>\n<\/div>\n","protected":false},"excerpt":{"rendered":"<p>HP INDIGO\u00a05600 Ka\u011f\u0131t boyutu maksimum: 330 x 482 mm (317 x 450 mm maksimum g\u00f6r\u00fcnt\u00fc alan\u0131) Renkli bask\u0131 kalitesi (en iyi): 8 bit&#8217;te 812 ve 1219 dpi \u00f6l\u00e7eklerine yan\u0131t verebilme: 2438 x 2438 dpi HDI (Y\u00fcksek Tan\u0131ml\u0131 G\u00f6r\u00fcnt\u00fcleme) Ortam kal\u0131nl\u0131\u011f\u0131: Maksimum 400 mikron, iste\u011fe ba\u011fl\u0131 kal\u0131n alt tabaka tak\u0131m\u0131yla maksimum 460 mikron Bask\u0131 kartu\u015fu say\u0131s\u0131: [&hellip;]<\/p>\n","protected":false},"author":1,"featured_media":0,"parent":0,"menu_order":0,"comment_status":"open","ping_status":"open","template":"page.php","meta":{"spay_email":""},"_links":{"self":[{"href":"https:\/\/filmsandigital.com\/index.php?rest_route=\/wp\/v2\/pages\/1648"}],"collection":[{"href":"https:\/\/filmsandigital.com\/index.php?rest_route=\/wp\/v2\/pages"}],"about":[{"href":"https:\/\/filmsandigital.com\/index.php?rest_route=\/wp\/v2\/types\/page"}],"author":[{"embeddable":true,"href":"https:\/\/filmsandigital.com\/index.php?rest_route=\/wp\/v2\/users\/1"}],"replies":[{"embeddable":true,"href":"https:\/\/filmsandigital.com\/index.php?rest_route=%2Fwp%2Fv2%2Fcomments&post=1648"}],"version-history":[{"count":11,"href":"https:\/\/filmsandigital.com\/index.php?rest_route=\/wp\/v2\/pages\/1648\/revisions"}],"predecessor-version":[{"id":2174,"href":"https:\/\/filmsandigital.com\/index.php?rest_route=\/wp\/v2\/pages\/1648\/revisions\/2174"}],"wp:attachment":[{"href":"https:\/\/filmsandigital.com\/index.php?rest_route=%2Fwp%2Fv2%2Fmedia&parent=1648"}],"curies":[{"name":"wp","href":"https:\/\/api.w.org\/{rel}","templated":true}]}}